{"id":1159,"date":"2025-08-26T20:38:45","date_gmt":"2025-08-26T20:38:45","guid":{"rendered":"https:\/\/metalbaldo.com.br\/?page_id=1159"},"modified":"2025-09-24T12:31:05","modified_gmt":"2025-09-24T12:31:05","slug":"cortes-e-dobras","status":"publish","type":"page","link":"https:\/\/metalbaldo.com.br\/?page_id=1159","title":{"rendered":"Cortes e Dobras"},"content":{"rendered":"\t\t<div data-elementor-type=\"wp-page\" data-elementor-id=\"1159\" class=\"elementor elementor-1159\">\n\t\t\t\t\t\t\t\t\t<section class=\"elementor-section elementor-top-section elementor-element elementor-element-126be3e elementor-section-boxed elementor-section-height-default elementor-section-height-default\" data-id=\"126be3e\" data-element_type=\"section\" data-settings=\"{&quot;background_background&quot;:&quot;classic&quot;}\">\n\t\t\t\t\t\t<div class=\"elementor-container elementor-column-gap-no\">\n\t\t\t\t\t<div class=\"elementor-column elementor-col-100 elementor-top-column elementor-element elementor-element-764568d\" data-id=\"764568d\" data-element_type=\"column\">\n\t\t\t<div class=\"elementor-widget-wrap elementor-element-populated\">\n\t\t\t\t\t\t\t\t<div class=\"elementor-element elementor-element-f16b352 elementor-widget elementor-widget-heading\" data-id=\"f16b352\" data-element_type=\"widget\" data-widget_type=\"heading.default\">\n\t\t\t\t<div class=\"elementor-widget-container\">\n\t\t\t<style>\/*! elementor - v3.10.2 - 29-01-2023 *\/\n.elementor-heading-title{padding:0;margin:0;line-height:1}.elementor-widget-heading .elementor-heading-title[class*=elementor-size-]>a{color:inherit;font-size:inherit;line-height:inherit}.elementor-widget-heading .elementor-heading-title.elementor-size-small{font-size:15px}.elementor-widget-heading .elementor-heading-title.elementor-size-medium{font-size:19px}.elementor-widget-heading .elementor-heading-title.elementor-size-large{font-size:29px}.elementor-widget-heading .elementor-heading-title.elementor-size-xl{font-size:39px}.elementor-widget-heading .elementor-heading-title.elementor-size-xxl{font-size:59px}<\/style><h4 class=\"elementor-heading-title elementor-size-default\">Cortes e Dobras em Chapas Met\u00e1licas<\/h4>\t\t<\/div>\n\t\t\t\t<\/div>\n\t\t\t\t\t<\/div>\n\t\t<\/div>\n\t\t\t\t\t\t\t<\/div>\n\t\t<\/section>\n\t\t\t\t<section class=\"elementor-section elementor-top-section elementor-element elementor-element-d1d8989 elementor-section-boxed elementor-section-height-default elementor-section-height-default\" data-id=\"d1d8989\" data-element_type=\"section\">\n\t\t\t\t\t\t<div class=\"elementor-container elementor-column-gap-default\">\n\t\t\t\t\t<div class=\"elementor-column elementor-col-100 elementor-top-column elementor-element elementor-element-bae5100\" data-id=\"bae5100\" data-element_type=\"column\">\n\t\t\t<div class=\"elementor-widget-wrap elementor-element-populated\">\n\t\t\t\t\t\t\t\t<div class=\"elementor-element elementor-element-bd2c63a elementor-widget elementor-widget-heading\" data-id=\"bd2c63a\" data-element_type=\"widget\" data-widget_type=\"heading.default\">\n\t\t\t\t<div class=\"elementor-widget-container\">\n\t\t\t<h5 class=\"elementor-heading-title elementor-size-default\">Na Baldo Metal\u00fargica, realizamos cortes precisos e dobras personalizadas em chapas met\u00e1licas, garantindo solu\u00e7\u00f5es sob medida para cada projeto. Utilizamos equipamentos modernos e tecnologia de ponta, que permitem alcan\u00e7ar alto n\u00edvel de exatid\u00e3o, acabamento de qualidade e rapidez na execu\u00e7\u00e3o.<\/h5>\t\t<\/div>\n\t\t\t\t<\/div>\n\t\t\t\t<div class=\"elementor-element elementor-element-b5bf916 elementor-widget elementor-widget-heading\" data-id=\"b5bf916\" data-element_type=\"widget\" data-widget_type=\"heading.default\">\n\t\t\t\t<div class=\"elementor-widget-container\">\n\t\t\t<h5 class=\"elementor-heading-title elementor-size-default\">Nossas dobras s\u00e3o desenvolvidas conforme a necessidade do cliente, oferecendo flexibilidade e versatilidade para aplica\u00e7\u00f5es diversas. J\u00e1 os cortes s\u00e3o feitos com precis\u00e3o, assegurando perfeita adequa\u00e7\u00e3o das pe\u00e7as e otimiza\u00e7\u00e3o do material.<\/h5>\t\t<\/div>\n\t\t\t\t<\/div>\n\t\t\t\t<div class=\"elementor-element elementor-element-03b6901 elementor-widget elementor-widget-heading\" data-id=\"03b6901\" data-element_type=\"widget\" data-widget_type=\"heading.default\">\n\t\t\t\t<div class=\"elementor-widget-container\">\n\t\t\t<h5 class=\"elementor-heading-title elementor-size-default\">Com a Baldo, voc\u00ea conta com experi\u00eancia, responsabilidade e foco nos detalhes, transformando cada pe\u00e7a em um produto confi\u00e1vel e\u00a0de\u00a0alto\u00a0padr\u00e3o.<\/h5>\t\t<\/div>\n\t\t\t\t<\/div>\n\t\t\t\t<div class=\"elementor-element elementor-element-ff51892 elementor-widget elementor-widget-image\" data-id=\"ff51892\" data-element_type=\"widget\" data-widget_type=\"image.default\">\n\t\t\t\t<div class=\"elementor-widget-container\">\n\t\t\t<style>\/*! elementor - v3.10.2 - 29-01-2023 *\/\n.elementor-widget-image{text-align:center}.elementor-widget-image a{display:inline-block}.elementor-widget-image a img[src$=\".svg\"]{width:48px}.elementor-widget-image img{vertical-align:middle;display:inline-block}<\/style>\t\t\t\t\t\t\t\t\t\t\t\t<img loading=\"lazy\" decoding=\"async\" width=\"1200\" height=\"1600\" src=\"https:\/\/metalbaldo.com.br\/wp-content\/uploads\/2025\/08\/Imagem-do-WhatsApp-de-2025-08-19-as-11.45.33_568cfead.jpg\" class=\"attachment-full size-full wp-image-1161\" alt=\"\" srcset=\"https:\/\/metalbaldo.com.br\/wp-content\/uploads\/2025\/08\/Imagem-do-WhatsApp-de-2025-08-19-as-11.45.33_568cfead.jpg 1200w, https:\/\/metalbaldo.com.br\/wp-content\/uploads\/2025\/08\/Imagem-do-WhatsApp-de-2025-08-19-as-11.45.33_568cfead-225x300.jpg 225w, https:\/\/metalbaldo.com.br\/wp-content\/uploads\/2025\/08\/Imagem-do-WhatsApp-de-2025-08-19-as-11.45.33_568cfead-768x1024.jpg 768w, https:\/\/metalbaldo.com.br\/wp-content\/uploads\/2025\/08\/Imagem-do-WhatsApp-de-2025-08-19-as-11.45.33_568cfead-1152x1536.jpg 1152w, https:\/\/metalbaldo.com.br\/wp-content\/uploads\/2025\/08\/Imagem-do-WhatsApp-de-2025-08-19-as-11.45.33_568cfead-600x800.jpg 600w\" sizes=\"auto, (max-width: 1200px) 100vw, 1200px\" \/>\t\t\t\t\t\t\t\t\t\t\t\t\t\t\t<\/div>\n\t\t\t\t<\/div>\n\t\t\t\t<div class=\"elementor-element elementor-element-32e23b8 elementor-widget elementor-widget-heading\" data-id=\"32e23b8\" data-element_type=\"widget\" data-widget_type=\"heading.default\">\n\t\t\t\t<div class=\"elementor-widget-container\">\n\t\t\t<h5 class=\"elementor-heading-title elementor-size-default\">A partir de R$ 1,20 o quilo<\/h5>\t\t<\/div>\n\t\t\t\t<\/div>\n\t\t\t\t\t<\/div>\n\t\t<\/div>\n\t\t\t\t\t\t\t<\/div>\n\t\t<\/section>\n\t\t\t\t\t\t\t<\/div>\n\t\t","protected":false},"excerpt":{"rendered":"<p>Cortes e Dobras em Chapas Met\u00e1licas Na Baldo Metal\u00fargica, realizamos cortes precisos e dobras personalizadas em chapas met\u00e1licas, garantindo solu\u00e7\u00f5es sob medida para cada projeto. Utilizamos equipamentos modernos e tecnologia de ponta, que permitem alcan\u00e7ar alto n\u00edvel de exatid\u00e3o, acabamento de qualidade e rapidez na execu\u00e7\u00e3o. Nossas dobras s\u00e3o desenvolvidas conforme a necessidade do cliente, &hellip;<\/p>\n<p class=\"read-more\"> <a class=\"\" href=\"https:\/\/metalbaldo.com.br\/?page_id=1159\"> <span class=\"screen-reader-text\">Cortes e Dobras<\/span> Leia mais &raquo;<\/a><\/p>\n","protected":false},"author":2,"featured_media":0,"parent":0,"menu_order":0,"comment_status":"closed","ping_status":"closed","template":"elementor_header_footer","meta":{"site-sidebar-layout":"no-sidebar","site-content-layout":"page-builder","ast-global-header-display":"","ast-main-header-display":"","ast-hfb-above-header-display":"","ast-hfb-below-header-display":"","ast-hfb-mobile-header-display":"","site-post-title":"disabled","ast-breadcrumbs-content":"","ast-featured-img":"disabled","footer-sml-layout":"","theme-transparent-header-meta":"default","adv-header-id-meta":"","stick-header-meta":"","header-above-stick-meta":"","header-main-stick-meta":"","header-below-stick-meta":"","footnotes":""},"class_list":["post-1159","page","type-page","status-publish","hentry"],"_links":{"self":[{"href":"https:\/\/metalbaldo.com.br\/index.php?rest_route=\/wp\/v2\/pages\/1159","targetHints":{"allow":["GET"]}}],"collection":[{"href":"https:\/\/metalbaldo.com.br\/index.php?rest_route=\/wp\/v2\/pages"}],"about":[{"href":"https:\/\/metalbaldo.com.br\/index.php?rest_route=\/wp\/v2\/types\/page"}],"author":[{"embeddable":true,"href":"https:\/\/metalbaldo.com.br\/index.php?rest_route=\/wp\/v2\/users\/2"}],"replies":[{"embeddable":true,"href":"https:\/\/metalbaldo.com.br\/index.php?rest_route=%2Fwp%2Fv2%2Fcomments&post=1159"}],"version-history":[{"count":16,"href":"https:\/\/metalbaldo.com.br\/index.php?rest_route=\/wp\/v2\/pages\/1159\/revisions"}],"predecessor-version":[{"id":1311,"href":"https:\/\/metalbaldo.com.br\/index.php?rest_route=\/wp\/v2\/pages\/1159\/revisions\/1311"}],"wp:attachment":[{"href":"https:\/\/metalbaldo.com.br\/index.php?rest_route=%2Fwp%2Fv2%2Fmedia&parent=1159"}],"curies":[{"name":"wp","href":"https:\/\/api.w.org\/{rel}","templated":true}]}}