{"id":1123,"date":"2025-08-26T20:20:51","date_gmt":"2025-08-26T20:20:51","guid":{"rendered":"https:\/\/metalbaldo.com.br\/?page_id=1123"},"modified":"2025-10-31T12:56:21","modified_gmt":"2025-10-31T12:56:21","slug":"andaimes-tubulares","status":"publish","type":"page","link":"https:\/\/metalbaldo.com.br\/?page_id=1123","title":{"rendered":"Andaimes Tubulares"},"content":{"rendered":"\t\t<div data-elementor-type=\"wp-page\" data-elementor-id=\"1123\" class=\"elementor elementor-1123\">\n\t\t\t\t\t\t\t\t\t<section class=\"elementor-section elementor-top-section elementor-element elementor-element-633c404 elementor-section-boxed elementor-section-height-default elementor-section-height-default\" data-id=\"633c404\" data-element_type=\"section\" data-settings=\"{&quot;background_background&quot;:&quot;classic&quot;}\">\n\t\t\t\t\t\t<div class=\"elementor-container elementor-column-gap-no\">\n\t\t\t\t\t<div class=\"elementor-column elementor-col-100 elementor-top-column elementor-element elementor-element-aa1ad28\" data-id=\"aa1ad28\" data-element_type=\"column\">\n\t\t\t<div class=\"elementor-widget-wrap elementor-element-populated\">\n\t\t\t\t\t\t\t\t<div class=\"elementor-element elementor-element-b0e240f elementor-widget elementor-widget-heading\" data-id=\"b0e240f\" data-element_type=\"widget\" data-widget_type=\"heading.default\">\n\t\t\t\t<div class=\"elementor-widget-container\">\n\t\t\t<style>\/*! elementor - v3.10.2 - 29-01-2023 *\/\n.elementor-heading-title{padding:0;margin:0;line-height:1}.elementor-widget-heading .elementor-heading-title[class*=elementor-size-]>a{color:inherit;font-size:inherit;line-height:inherit}.elementor-widget-heading .elementor-heading-title.elementor-size-small{font-size:15px}.elementor-widget-heading .elementor-heading-title.elementor-size-medium{font-size:19px}.elementor-widget-heading .elementor-heading-title.elementor-size-large{font-size:29px}.elementor-widget-heading .elementor-heading-title.elementor-size-xl{font-size:39px}.elementor-widget-heading .elementor-heading-title.elementor-size-xxl{font-size:59px}<\/style><h4 class=\"elementor-heading-title elementor-size-default\">Andaimes Tubulares<\/h4>\t\t<\/div>\n\t\t\t\t<\/div>\n\t\t\t\t\t<\/div>\n\t\t<\/div>\n\t\t\t\t\t\t\t<\/div>\n\t\t<\/section>\n\t\t\t\t<section class=\"elementor-section elementor-top-section elementor-element elementor-element-b926a8a elementor-section-boxed elementor-section-height-default elementor-section-height-default\" data-id=\"b926a8a\" data-element_type=\"section\">\n\t\t\t\t\t\t<div class=\"elementor-container elementor-column-gap-default\">\n\t\t\t\t\t<div class=\"elementor-column elementor-col-100 elementor-top-column elementor-element elementor-element-3dbda1b\" data-id=\"3dbda1b\" data-element_type=\"column\">\n\t\t\t<div class=\"elementor-widget-wrap elementor-element-populated\">\n\t\t\t\t\t\t\t\t<div class=\"elementor-element elementor-element-f79c8ce elementor-widget elementor-widget-heading\" data-id=\"f79c8ce\" data-element_type=\"widget\" data-widget_type=\"heading.default\">\n\t\t\t\t<div class=\"elementor-widget-container\">\n\t\t\t<h5 class=\"elementor-heading-title elementor-size-default\">Fabricados em tubos com parede 2,65mm, pintura eletroest\u00e1tica.<\/h5>\t\t<\/div>\n\t\t\t\t<\/div>\n\t\t\t\t<div class=\"elementor-element elementor-element-3c38fbe elementor-widget elementor-widget-heading\" data-id=\"3c38fbe\" data-element_type=\"widget\" data-widget_type=\"heading.default\">\n\t\t\t\t<div class=\"elementor-widget-container\">\n\t\t\t<h5 class=\"elementor-heading-title elementor-size-default\">Atendem\u00a0NBR\u00a06494\u00a0e\u00a0NR18<\/h5>\t\t<\/div>\n\t\t\t\t<\/div>\n\t\t\t\t<div class=\"elementor-element elementor-element-5eb4112 elementor-widget elementor-widget-heading\" data-id=\"5eb4112\" data-element_type=\"widget\" data-widget_type=\"heading.default\">\n\t\t\t\t<div class=\"elementor-widget-container\">\n\t\t\t<h5 class=\"elementor-heading-title elementor-size-default\">Valores reduzidos para compras acima de 50 unidades<\/h5>\t\t<\/div>\n\t\t\t\t<\/div>\n\t\t\t\t<div class=\"elementor-element elementor-element-a4e7bd9 elementor-widget elementor-widget-heading\" data-id=\"a4e7bd9\" data-element_type=\"widget\" data-widget_type=\"heading.default\">\n\t\t\t\t<div class=\"elementor-widget-container\">\n\t\t\t<h5 class=\"elementor-heading-title elementor-size-default\">Andaimes Diferenciais:<br>Todos os tubos em parede 2,65mm \/ Parafusos de travamento 1\/2\" \/ Porca de travamento totalmente soldada<\/h5>\t\t<\/div>\n\t\t\t\t<\/div>\n\t\t\t\t<div class=\"elementor-element elementor-element-6cfce57 elementor-widget elementor-widget-heading\" data-id=\"6cfce57\" data-element_type=\"widget\" data-widget_type=\"heading.default\">\n\t\t\t\t<div class=\"elementor-widget-container\">\n\t\t\t<h5 class=\"elementor-heading-title elementor-size-default\">Plataformas diferenciais:<br>Fabricado toda em chapa 1,5mm galvanizada \/ Refor\u00e7os internos antitor\u00e7\u00e3o<\/h5>\t\t<\/div>\n\t\t\t\t<\/div>\n\t\t\t\t<div class=\"elementor-element elementor-element-c9d3d5a elementor-widget elementor-widget-heading\" data-id=\"c9d3d5a\" data-element_type=\"widget\" data-widget_type=\"heading.default\">\n\t\t\t\t<div class=\"elementor-widget-container\">\n\t\t\t<h5 class=\"elementor-heading-title elementor-size-default\">Produtos:<\/h5>\t\t<\/div>\n\t\t\t\t<\/div>\n\t\t\t\t<section class=\"elementor-section elementor-inner-section elementor-element elementor-element-a73a7dc elementor-section-boxed elementor-section-height-default elementor-section-height-default\" data-id=\"a73a7dc\" data-element_type=\"section\">\n\t\t\t\t\t\t<div class=\"elementor-container elementor-column-gap-default\">\n\t\t\t\t\t<div class=\"elementor-column elementor-col-50 elementor-inner-column elementor-element elementor-element-363ba25\" data-id=\"363ba25\" data-element_type=\"column\">\n\t\t\t<div class=\"elementor-widget-wrap elementor-element-populated\">\n\t\t\t\t\t\t\t\t<div class=\"elementor-element elementor-element-5334d6d elementor-widget elementor-widget-image\" data-id=\"5334d6d\" data-element_type=\"widget\" data-widget_type=\"image.default\">\n\t\t\t\t<div class=\"elementor-widget-container\">\n\t\t\t<style>\/*! elementor - v3.10.2 - 29-01-2023 *\/\n.elementor-widget-image{text-align:center}.elementor-widget-image a{display:inline-block}.elementor-widget-image a img[src$=\".svg\"]{width:48px}.elementor-widget-image img{vertical-align:middle;display:inline-block}<\/style>\t\t\t\t\t\t\t\t\t\t\t\t<img loading=\"lazy\" decoding=\"async\" width=\"1280\" height=\"960\" src=\"https:\/\/metalbaldo.com.br\/wp-content\/uploads\/2025\/08\/IMG-20250819-WA0042.jpg\" class=\"attachment-full size-full wp-image-1132\" alt=\"\" srcset=\"https:\/\/metalbaldo.com.br\/wp-content\/uploads\/2025\/08\/IMG-20250819-WA0042.jpg 1280w, https:\/\/metalbaldo.com.br\/wp-content\/uploads\/2025\/08\/IMG-20250819-WA0042-300x225.jpg 300w, https:\/\/metalbaldo.com.br\/wp-content\/uploads\/2025\/08\/IMG-20250819-WA0042-1024x768.jpg 1024w, https:\/\/metalbaldo.com.br\/wp-content\/uploads\/2025\/08\/IMG-20250819-WA0042-768x576.jpg 768w, https:\/\/metalbaldo.com.br\/wp-content\/uploads\/2025\/08\/IMG-20250819-WA0042-600x450.jpg 600w\" sizes=\"auto, (max-width: 1280px) 100vw, 1280px\" \/>\t\t\t\t\t\t\t\t\t\t\t\t\t\t\t<\/div>\n\t\t\t\t<\/div>\n\t\t\t\t<div class=\"elementor-element elementor-element-681d338 elementor-widget elementor-widget-heading\" data-id=\"681d338\" data-element_type=\"widget\" data-widget_type=\"heading.default\">\n\t\t\t\t<div class=\"elementor-widget-container\">\n\t\t\t<h6 class=\"elementor-heading-title elementor-size-default\">Andaime 1000mm x 1000mm com pintura eletroest\u00e1tica preto - R$ 167,00<\/h6>\t\t<\/div>\n\t\t\t\t<\/div>\n\t\t\t\t<div class=\"elementor-element elementor-element-60a9296 elementor-widget elementor-widget-heading\" data-id=\"60a9296\" data-element_type=\"widget\" data-widget_type=\"heading.default\">\n\t\t\t\t<div class=\"elementor-widget-container\">\n\t\t\t<h6 class=\"elementor-heading-title elementor-size-default\">Plataforma 1000mm x 370mm com pintura eletroest\u00e1tica preto - R$ 220,00<\/h6>\t\t<\/div>\n\t\t\t\t<\/div>\n\t\t\t\t\t<\/div>\n\t\t<\/div>\n\t\t\t\t<div class=\"elementor-column elementor-col-50 elementor-inner-column elementor-element elementor-element-c9813bc\" data-id=\"c9813bc\" data-element_type=\"column\">\n\t\t\t<div class=\"elementor-widget-wrap elementor-element-populated\">\n\t\t\t\t\t\t\t\t<div class=\"elementor-element elementor-element-8647943 elementor-widget elementor-widget-image\" data-id=\"8647943\" data-element_type=\"widget\" data-widget_type=\"image.default\">\n\t\t\t\t<div class=\"elementor-widget-container\">\n\t\t\t\t\t\t\t\t\t\t\t\t\t\t\t<img loading=\"lazy\" decoding=\"async\" width=\"1280\" height=\"960\" src=\"https:\/\/metalbaldo.com.br\/wp-content\/uploads\/2025\/08\/IMG-20250819-WA0044.jpg\" class=\"attachment-full size-full wp-image-1134\" alt=\"\" srcset=\"https:\/\/metalbaldo.com.br\/wp-content\/uploads\/2025\/08\/IMG-20250819-WA0044.jpg 1280w, https:\/\/metalbaldo.com.br\/wp-content\/uploads\/2025\/08\/IMG-20250819-WA0044-300x225.jpg 300w, https:\/\/metalbaldo.com.br\/wp-content\/uploads\/2025\/08\/IMG-20250819-WA0044-1024x768.jpg 1024w, https:\/\/metalbaldo.com.br\/wp-content\/uploads\/2025\/08\/IMG-20250819-WA0044-768x576.jpg 768w, https:\/\/metalbaldo.com.br\/wp-content\/uploads\/2025\/08\/IMG-20250819-WA0044-600x450.jpg 600w\" sizes=\"auto, (max-width: 1280px) 100vw, 1280px\" \/>\t\t\t\t\t\t\t\t\t\t\t\t\t\t\t<\/div>\n\t\t\t\t<\/div>\n\t\t\t\t<div class=\"elementor-element elementor-element-7d0c62e elementor-widget elementor-widget-heading\" data-id=\"7d0c62e\" data-element_type=\"widget\" data-widget_type=\"heading.default\">\n\t\t\t\t<div class=\"elementor-widget-container\">\n\t\t\t<h5 class=\"elementor-heading-title elementor-size-default\">Andaime 1500mm x 1000mm com pintura eletroest\u00e1tica preto - R$ 186,00<\/h5>\t\t<\/div>\n\t\t\t\t<\/div>\n\t\t\t\t<div class=\"elementor-element elementor-element-3c9f91a elementor-widget elementor-widget-heading\" data-id=\"3c9f91a\" data-element_type=\"widget\" data-widget_type=\"heading.default\">\n\t\t\t\t<div class=\"elementor-widget-container\">\n\t\t\t<h5 class=\"elementor-heading-title elementor-size-default\">Plataforma 1500mm x 370mm com pintura eletroest\u00e1tica preto - R$ 275,00<\/h5>\t\t<\/div>\n\t\t\t\t<\/div>\n\t\t\t\t\t<\/div>\n\t\t<\/div>\n\t\t\t\t\t\t\t<\/div>\n\t\t<\/section>\n\t\t\t\t\t<\/div>\n\t\t<\/div>\n\t\t\t\t\t\t\t<\/div>\n\t\t<\/section>\n\t\t\t\t\t\t\t<\/div>\n\t\t","protected":false},"excerpt":{"rendered":"<p>Andaimes Tubulares Fabricados em tubos com parede 2,65mm, pintura eletroest\u00e1tica. Atendem\u00a0NBR\u00a06494\u00a0e\u00a0NR18 Valores reduzidos para compras acima de 50 unidades Andaimes Diferenciais:Todos os tubos em parede 2,65mm \/ Parafusos de travamento 1\/2&#8243; \/ Porca de travamento totalmente soldada Plataformas diferenciais:Fabricado toda em chapa 1,5mm galvanizada \/ Refor\u00e7os internos antitor\u00e7\u00e3o Produtos: Andaime 1000mm x 1000mm com pintura &hellip;<\/p>\n<p class=\"read-more\"> <a class=\"\" href=\"https:\/\/metalbaldo.com.br\/?page_id=1123\"> <span class=\"screen-reader-text\">Andaimes Tubulares<\/span> Leia mais &raquo;<\/a><\/p>\n","protected":false},"author":2,"featured_media":0,"parent":0,"menu_order":0,"comment_status":"closed","ping_status":"closed","template":"elementor_header_footer","meta":{"site-sidebar-layout":"no-sidebar","site-content-layout":"page-builder","ast-global-header-display":"","ast-main-header-display":"","ast-hfb-above-header-display":"","ast-hfb-below-header-display":"","ast-hfb-mobile-header-display":"","site-post-title":"disabled","ast-breadcrumbs-content":"","ast-featured-img":"disabled","footer-sml-layout":"","theme-transparent-header-meta":"default","adv-header-id-meta":"","stick-header-meta":"","header-above-stick-meta":"","header-main-stick-meta":"","header-below-stick-meta":"","footnotes":""},"class_list":["post-1123","page","type-page","status-publish","hentry"],"_links":{"self":[{"href":"https:\/\/metalbaldo.com.br\/index.php?rest_route=\/wp\/v2\/pages\/1123","targetHints":{"allow":["GET"]}}],"collection":[{"href":"https:\/\/metalbaldo.com.br\/index.php?rest_route=\/wp\/v2\/pages"}],"about":[{"href":"https:\/\/metalbaldo.com.br\/index.php?rest_route=\/wp\/v2\/types\/page"}],"author":[{"embeddable":true,"href":"https:\/\/metalbaldo.com.br\/index.php?rest_route=\/wp\/v2\/users\/2"}],"replies":[{"embeddable":true,"href":"https:\/\/metalbaldo.com.br\/index.php?rest_route=%2Fwp%2Fv2%2Fcomments&post=1123"}],"version-history":[{"count":37,"href":"https:\/\/metalbaldo.com.br\/index.php?rest_route=\/wp\/v2\/pages\/1123\/revisions"}],"predecessor-version":[{"id":1340,"href":"https:\/\/metalbaldo.com.br\/index.php?rest_route=\/wp\/v2\/pages\/1123\/revisions\/1340"}],"wp:attachment":[{"href":"https:\/\/metalbaldo.com.br\/index.php?rest_route=%2Fwp%2Fv2%2Fmedia&parent=1123"}],"curies":[{"name":"wp","href":"https:\/\/api.w.org\/{rel}","templated":true}]}}