{"id":1039,"date":"2023-10-27T18:33:33","date_gmt":"2023-10-27T18:33:33","guid":{"rendered":"https:\/\/metalbaldo.com.br\/?page_id=1039"},"modified":"2025-09-24T12:25:10","modified_gmt":"2025-09-24T12:25:10","slug":"cacamba","status":"publish","type":"page","link":"https:\/\/metalbaldo.com.br\/?page_id=1039","title":{"rendered":"Ca\u00e7amba"},"content":{"rendered":"\t\t<div data-elementor-type=\"wp-page\" data-elementor-id=\"1039\" class=\"elementor elementor-1039\">\n\t\t\t\t\t\t\t\t\t<section class=\"elementor-section elementor-top-section elementor-element elementor-element-f69d3fa elementor-section-boxed elementor-section-height-default elementor-section-height-default\" data-id=\"f69d3fa\" data-element_type=\"section\" data-settings=\"{&quot;background_background&quot;:&quot;classic&quot;}\">\n\t\t\t\t\t\t<div class=\"elementor-container elementor-column-gap-no\">\n\t\t\t\t\t<div class=\"elementor-column elementor-col-100 elementor-top-column elementor-element elementor-element-37c8acf\" data-id=\"37c8acf\" data-element_type=\"column\">\n\t\t\t<div class=\"elementor-widget-wrap elementor-element-populated\">\n\t\t\t\t\t\t\t\t<div class=\"elementor-element elementor-element-ee04485 elementor-widget elementor-widget-heading\" data-id=\"ee04485\" data-element_type=\"widget\" data-widget_type=\"heading.default\">\n\t\t\t\t<div class=\"elementor-widget-container\">\n\t\t\t<style>\/*! elementor - v3.10.2 - 29-01-2023 *\/\n.elementor-heading-title{padding:0;margin:0;line-height:1}.elementor-widget-heading .elementor-heading-title[class*=elementor-size-]>a{color:inherit;font-size:inherit;line-height:inherit}.elementor-widget-heading .elementor-heading-title.elementor-size-small{font-size:15px}.elementor-widget-heading .elementor-heading-title.elementor-size-medium{font-size:19px}.elementor-widget-heading .elementor-heading-title.elementor-size-large{font-size:29px}.elementor-widget-heading .elementor-heading-title.elementor-size-xl{font-size:39px}.elementor-widget-heading .elementor-heading-title.elementor-size-xxl{font-size:59px}<\/style><h4 class=\"elementor-heading-title elementor-size-default\">Fabrica\u00e7\u00e3o de Ca\u00e7ambas em A\u00e7o<\/h4>\t\t<\/div>\n\t\t\t\t<\/div>\n\t\t\t\t\t<\/div>\n\t\t<\/div>\n\t\t\t\t\t\t\t<\/div>\n\t\t<\/section>\n\t\t\t\t<section class=\"elementor-section elementor-top-section elementor-element elementor-element-3d10b76 elementor-section-boxed elementor-section-height-default elementor-section-height-default\" data-id=\"3d10b76\" data-element_type=\"section\">\n\t\t\t\t\t\t<div class=\"elementor-container elementor-column-gap-default\">\n\t\t\t\t\t<div class=\"elementor-column elementor-col-100 elementor-top-column elementor-element elementor-element-50c78a1\" data-id=\"50c78a1\" data-element_type=\"column\">\n\t\t\t<div class=\"elementor-widget-wrap elementor-element-populated\">\n\t\t\t\t\t\t\t\t<div class=\"elementor-element elementor-element-02aee9f elementor-widget elementor-widget-heading\" data-id=\"02aee9f\" data-element_type=\"widget\" data-widget_type=\"heading.default\">\n\t\t\t\t<div class=\"elementor-widget-container\">\n\t\t\t<h5 class=\"elementor-heading-title elementor-size-default\">Na Baldo Metal\u00fargica, fabricamos sua ca\u00e7amba de acordo com o seu projeto, garantindo que cada detalhe atenda \u00e0s necessidades espec\u00edficas da sua opera\u00e7\u00e3o. Trabalhamos com a\u00e7o de alta resist\u00eancia, soldagem de qualidade e acabamento fino, proporcionando robustez, seguran\u00e7a e durabilidade.<\/h5>\t\t<\/div>\n\t\t\t\t<\/div>\n\t\t\t\t<div class=\"elementor-element elementor-element-160f61f elementor-widget elementor-widget-heading\" data-id=\"160f61f\" data-element_type=\"widget\" data-widget_type=\"heading.default\">\n\t\t\t\t<div class=\"elementor-widget-container\">\n\t\t\t<h5 class=\"elementor-heading-title elementor-size-default\">Nossas ca\u00e7ambas s\u00e3o desenvolvidas sob medida, ideais para diferentes aplica\u00e7\u00f5es \u2014 desde transporte at\u00e9 armazenamento em ambientes industriais. Com processos modernos de fabrica\u00e7\u00e3o, asseguramos excelente desempenho, precis\u00e3o e longa vida \u00fatil.<\/h5>\t\t<\/div>\n\t\t\t\t<\/div>\n\t\t\t\t<div class=\"elementor-element elementor-element-f080e5a elementor-widget elementor-widget-heading\" data-id=\"f080e5a\" data-element_type=\"widget\" data-widget_type=\"heading.default\">\n\t\t\t\t<div class=\"elementor-widget-container\">\n\t\t\t<h5 class=\"elementor-heading-title elementor-size-default\">Na Baldo, cada ca\u00e7amba \u00e9 produzida com responsabilidade, tecnologia e foco\u00a0na\u00a0excel\u00eancia.<\/h5>\t\t<\/div>\n\t\t\t\t<\/div>\n\t\t\t\t<section class=\"elementor-section elementor-inner-section elementor-element elementor-element-5122804 elementor-section-boxed elementor-section-height-default elementor-section-height-default\" data-id=\"5122804\" data-element_type=\"section\">\n\t\t\t\t\t\t<div class=\"elementor-container elementor-column-gap-default\">\n\t\t\t\t\t<div class=\"elementor-column elementor-col-50 elementor-inner-column elementor-element elementor-element-727479e\" data-id=\"727479e\" data-element_type=\"column\">\n\t\t\t<div class=\"elementor-widget-wrap elementor-element-populated\">\n\t\t\t\t\t\t\t\t<div class=\"elementor-element elementor-element-7b33199 elementor-widget elementor-widget-image\" data-id=\"7b33199\" data-element_type=\"widget\" data-widget_type=\"image.default\">\n\t\t\t\t<div class=\"elementor-widget-container\">\n\t\t\t<style>\/*! elementor - v3.10.2 - 29-01-2023 *\/\n.elementor-widget-image{text-align:center}.elementor-widget-image a{display:inline-block}.elementor-widget-image a img[src$=\".svg\"]{width:48px}.elementor-widget-image img{vertical-align:middle;display:inline-block}<\/style>\t\t\t\t\t\t\t\t\t\t\t\t<img loading=\"lazy\" decoding=\"async\" width=\"851\" height=\"574\" src=\"https:\/\/metalbaldo.com.br\/wp-content\/uploads\/2023\/10\/Cacamba-02.jpg\" class=\"attachment-full size-full wp-image-1046\" alt=\"\" srcset=\"https:\/\/metalbaldo.com.br\/wp-content\/uploads\/2023\/10\/Cacamba-02.jpg 851w, https:\/\/metalbaldo.com.br\/wp-content\/uploads\/2023\/10\/Cacamba-02-300x202.jpg 300w, https:\/\/metalbaldo.com.br\/wp-content\/uploads\/2023\/10\/Cacamba-02-768x518.jpg 768w, https:\/\/metalbaldo.com.br\/wp-content\/uploads\/2023\/10\/Cacamba-02-600x405.jpg 600w\" sizes=\"auto, (max-width: 851px) 100vw, 851px\" \/>\t\t\t\t\t\t\t\t\t\t\t\t\t\t\t<\/div>\n\t\t\t\t<\/div>\n\t\t\t\t<div class=\"elementor-element elementor-element-55725f3 elementor-widget elementor-widget-heading\" data-id=\"55725f3\" data-element_type=\"widget\" data-widget_type=\"heading.default\">\n\t\t\t\t<div class=\"elementor-widget-container\">\n\t\t\t<h6 class=\"elementor-heading-title elementor-size-default\">Valores, consultar nosso time comercial.<\/h6>\t\t<\/div>\n\t\t\t\t<\/div>\n\t\t\t\t\t<\/div>\n\t\t<\/div>\n\t\t\t\t<div class=\"elementor-column elementor-col-50 elementor-inner-column elementor-element elementor-element-d3ca242\" data-id=\"d3ca242\" data-element_type=\"column\">\n\t\t\t<div class=\"elementor-widget-wrap elementor-element-populated\">\n\t\t\t\t\t\t\t\t<div class=\"elementor-element elementor-element-4aec0ea elementor-widget elementor-widget-image\" data-id=\"4aec0ea\" data-element_type=\"widget\" data-widget_type=\"image.default\">\n\t\t\t\t<div class=\"elementor-widget-container\">\n\t\t\t\t\t\t\t\t\t\t\t\t\t\t\t<img loading=\"lazy\" decoding=\"async\" width=\"1131\" height=\"646\" src=\"https:\/\/metalbaldo.com.br\/wp-content\/uploads\/2023\/10\/Cacamba-03.jpg\" class=\"attachment-full size-full wp-image-1047\" alt=\"\" srcset=\"https:\/\/metalbaldo.com.br\/wp-content\/uploads\/2023\/10\/Cacamba-03.jpg 1131w, https:\/\/metalbaldo.com.br\/wp-content\/uploads\/2023\/10\/Cacamba-03-300x171.jpg 300w, https:\/\/metalbaldo.com.br\/wp-content\/uploads\/2023\/10\/Cacamba-03-1024x585.jpg 1024w, https:\/\/metalbaldo.com.br\/wp-content\/uploads\/2023\/10\/Cacamba-03-768x439.jpg 768w, https:\/\/metalbaldo.com.br\/wp-content\/uploads\/2023\/10\/Cacamba-03-600x343.jpg 600w\" sizes=\"auto, (max-width: 1131px) 100vw, 1131px\" \/>\t\t\t\t\t\t\t\t\t\t\t\t\t\t\t<\/div>\n\t\t\t\t<\/div>\n\t\t\t\t<div class=\"elementor-element elementor-element-73ccd27 elementor-widget elementor-widget-heading\" data-id=\"73ccd27\" data-element_type=\"widget\" data-widget_type=\"heading.default\">\n\t\t\t\t<div class=\"elementor-widget-container\">\n\t\t\t<h6 class=\"elementor-heading-title elementor-size-default\">Valores, consultar nosso time comercial.<\/h6>\t\t<\/div>\n\t\t\t\t<\/div>\n\t\t\t\t\t<\/div>\n\t\t<\/div>\n\t\t\t\t\t\t\t<\/div>\n\t\t<\/section>\n\t\t\t\t\t<\/div>\n\t\t<\/div>\n\t\t\t\t\t\t\t<\/div>\n\t\t<\/section>\n\t\t\t\t\t\t\t<\/div>\n\t\t","protected":false},"excerpt":{"rendered":"<p>Fabrica\u00e7\u00e3o de Ca\u00e7ambas em A\u00e7o Na Baldo Metal\u00fargica, fabricamos sua ca\u00e7amba de acordo com o seu projeto, garantindo que cada detalhe atenda \u00e0s necessidades espec\u00edficas da sua opera\u00e7\u00e3o. Trabalhamos com a\u00e7o de alta resist\u00eancia, soldagem de qualidade e acabamento fino, proporcionando robustez, seguran\u00e7a e durabilidade. Nossas ca\u00e7ambas s\u00e3o desenvolvidas sob medida, ideais para diferentes aplica\u00e7\u00f5es &hellip;<\/p>\n<p class=\"read-more\"> <a class=\"\" href=\"https:\/\/metalbaldo.com.br\/?page_id=1039\"> <span class=\"screen-reader-text\">Ca\u00e7amba<\/span> Leia mais &raquo;<\/a><\/p>\n","protected":false},"author":2,"featured_media":0,"parent":0,"menu_order":0,"comment_status":"closed","ping_status":"closed","template":"","meta":{"site-sidebar-layout":"no-sidebar","site-content-layout":"page-builder","ast-global-header-display":"","ast-main-header-display":"","ast-hfb-above-header-display":"","ast-hfb-below-header-display":"","ast-hfb-mobile-header-display":"","site-post-title":"disabled","ast-breadcrumbs-content":"","ast-featured-img":"disabled","footer-sml-layout":"","theme-transparent-header-meta":"default","adv-header-id-meta":"","stick-header-meta":"","header-above-stick-meta":"","header-main-stick-meta":"","header-below-stick-meta":"","footnotes":""},"class_list":["post-1039","page","type-page","status-publish","hentry"],"_links":{"self":[{"href":"https:\/\/metalbaldo.com.br\/index.php?rest_route=\/wp\/v2\/pages\/1039","targetHints":{"allow":["GET"]}}],"collection":[{"href":"https:\/\/metalbaldo.com.br\/index.php?rest_route=\/wp\/v2\/pages"}],"about":[{"href":"https:\/\/metalbaldo.com.br\/index.php?rest_route=\/wp\/v2\/types\/page"}],"author":[{"embeddable":true,"href":"https:\/\/metalbaldo.com.br\/index.php?rest_route=\/wp\/v2\/users\/2"}],"replies":[{"embeddable":true,"href":"https:\/\/metalbaldo.com.br\/index.php?rest_route=%2Fwp%2Fv2%2Fcomments&post=1039"}],"version-history":[{"count":22,"href":"https:\/\/metalbaldo.com.br\/index.php?rest_route=\/wp\/v2\/pages\/1039\/revisions"}],"predecessor-version":[{"id":1302,"href":"https:\/\/metalbaldo.com.br\/index.php?rest_route=\/wp\/v2\/pages\/1039\/revisions\/1302"}],"wp:attachment":[{"href":"https:\/\/metalbaldo.com.br\/index.php?rest_route=%2Fwp%2Fv2%2Fmedia&parent=1039"}],"curies":[{"name":"wp","href":"https:\/\/api.w.org\/{rel}","templated":true}]}}